{"id":522,"date":"2026-01-10T21:50:19","date_gmt":"2026-01-10T21:50:19","guid":{"rendered":"https:\/\/tozabljak.com\/?page_id=522"},"modified":"2026-03-04T12:44:08","modified_gmt":"2026-03-04T12:44:08","slug":"zminje-jezero","status":"publish","type":"page","link":"https:\/\/tozabljak.com\/me\/zminje-jezero\/","title":{"rendered":"Zminje jezero"},"content":{"rendered":"\n<p class=\"wp-block-paragraph\">Zminje jezero je jedno od manjih, ali izuzetno slikovitih ledni\u010dkih jezera na podru\u010dju Nacionalnog parka Durmitor. Smje\u0161teno je na oko 1.520 metara nadmorske visine, u gustoj crnogori\u010dnoj \u0161umi, jugozapadno od Crnog jezera, i u neposrednoj blizini sela Bosa\u010da. Jezero je poznato po svom mirnom ambijentu, zelenkastoj boji vode i bogatom \u0161umskom okru\u017eenju koje pru\u017ea izuzetnu ti\u0161inu i prirodni sklad.<\/p>\n\n\n\n<h3 class=\"wp-block-heading\">Pristup i planinarenje<\/h3>\n\n\n\n<p class=\"wp-block-paragraph\">Do Zminjeg jezera vodi ure\u0111ena pje\u0161a\u010dka staza iz pravca Crnog jezera, a jedna od preporu\u010denih kru\u017enih tura obuhvata rutu:&nbsp;<strong><a href=\"https:\/\/tozabljak.com\/barno-jezero\/\">Barno jezero<\/a>&nbsp;\u2013 Zminje jezero \u2013&nbsp;<a href=\"https:\/\/tozabljak.com\/crno-jezero\/\">Crno jezero<\/a><\/strong>. Ova staza je pogodna za \u0161etnju, kao i za planinski biciklizam, naro\u010dito du\u017e trase:&nbsp;<strong>\u017dabljak \u2013 Ivan do \u2013 Mlinski potok \u2013 Zminje jezero<\/strong>.<\/p>\n\n\n\n<h3 class=\"wp-block-heading\">U blizini: Barno jezero<\/h3>\n\n\n\n<p class=\"wp-block-paragraph\">Na svega nekoliko minuta hoda od Zminjeg jezera, sa zapadne strane sela Bosa\u010da, nalazi se<a href=\"https:\/\/tozabljak.com\/barno-jezero\/\">&nbsp;<strong>Barno jezero<\/strong>&nbsp;<\/a>\u2013 plitko jezero obraslo gustom barskom vegetacijom. Voda Barng jezera, prema narodnom vjerovanju, ima ljekovita svojstva, posebno u tretmanu ko\u017enih oboljenja.<\/p>\n\n\n\n<p class=\"wp-block-paragraph\"><a href=\"https:\/\/maps.app.goo.gl\/y7Xt7wW9cQixu17cA\">Google Maps<\/a><\/p>\n\n\n\n<div class=\"wp-block-jetpack-tiled-gallery aligncenter is-style-rectangular\"><div class=\"\"><div class=\"tiled-gallery__gallery\"><div class=\"tiled-gallery__row\"><div class=\"tiled-gallery__col\" style=\"flex-basis:68.88717%\"><figure class=\"tiled-gallery__item\"><img decoding=\"async\" data-attachment-id=\"523\" data-permalink=\"https:\/\/tozabljak.com\/me\/zminje-jezero\/zminje-jezero\/\" data-orig-file=\"https:\/\/i0.wp.com\/tozabljak.com\/wp-content\/uploads\/2026\/01\/Zminje-jezero-.webp?fit=1200%2C675&amp;ssl=1\" data-orig-size=\"1200,675\" data-comments-opened=\"1\" data-image-meta=\"{&quot;aperture&quot;:&quot;0&quot;,&quot;credit&quot;:&quot;&quot;,&quot;camera&quot;:&quot;&quot;,&quot;caption&quot;:&quot;&quot;,&quot;created_timestamp&quot;:&quot;0&quot;,&quot;copyright&quot;:&quot;&quot;,&quot;focal_length&quot;:&quot;0&quot;,&quot;iso&quot;:&quot;0&quot;,&quot;shutter_speed&quot;:&quot;0&quot;,&quot;title&quot;:&quot;&quot;,&quot;orientation&quot;:&quot;0&quot;}\" data-image-title=\"Zminje-jezero-\" data-image-description=\"\" data-image-caption=\"\" data-medium-file=\"https:\/\/i0.wp.com\/tozabljak.com\/wp-content\/uploads\/2026\/01\/Zminje-jezero-.webp?fit=300%2C169&amp;ssl=1\" data-large-file=\"https:\/\/i0.wp.com\/tozabljak.com\/wp-content\/uploads\/2026\/01\/Zminje-jezero-.webp?fit=1024%2C576&amp;ssl=1\" data-attachment-id=\"523\" data-permalink=\"https:\/\/tozabljak.com\/me\/zminje-jezero\/zminje-jezero\/\" data-orig-file=\"https:\/\/i0.wp.com\/tozabljak.com\/wp-content\/uploads\/2026\/01\/Zminje-jezero-.webp?fit=1200%2C675&amp;ssl=1\" data-orig-size=\"1200,675\" data-comments-opened=\"1\" data-image-meta=\"{&quot;aperture&quot;:&quot;0&quot;,&quot;credit&quot;:&quot;&quot;,&quot;camera&quot;:&quot;&quot;,&quot;caption&quot;:&quot;&quot;,&quot;created_timestamp&quot;:&quot;0&quot;,&quot;copyright&quot;:&quot;&quot;,&quot;focal_length&quot;:&quot;0&quot;,&quot;iso&quot;:&quot;0&quot;,&quot;shutter_speed&quot;:&quot;0&quot;,&quot;title&quot;:&quot;&quot;,&quot;orientation&quot;:&quot;0&quot;}\" data-image-title=\"Zminje-jezero-\" data-image-description=\"\" data-image-caption=\"\" data-medium-file=\"https:\/\/i0.wp.com\/tozabljak.com\/wp-content\/uploads\/2026\/01\/Zminje-jezero-.webp?fit=300%2C169&amp;ssl=1\" data-large-file=\"https:\/\/i0.wp.com\/tozabljak.com\/wp-content\/uploads\/2026\/01\/Zminje-jezero-.webp?fit=1024%2C576&amp;ssl=1\" role=\"button\" tabindex=\"0\" aria-label=\"Open image 1 of 2 in full-screen\"srcset=\"https:\/\/i0.wp.com\/tozabljak.com\/wp-content\/uploads\/2026\/01\/Zminje-jezero--1024x576.webp?strip=info&#038;w=600&#038;ssl=1 600w,https:\/\/i0.wp.com\/tozabljak.com\/wp-content\/uploads\/2026\/01\/Zminje-jezero--1024x576.webp?strip=info&#038;w=900&#038;ssl=1 900w,https:\/\/i0.wp.com\/tozabljak.com\/wp-content\/uploads\/2026\/01\/Zminje-jezero--1024x576.webp?strip=info&#038;w=1200&#038;ssl=1 1200w\" alt=\"\" data-height=\"675\" data-id=\"523\" data-link=\"https:\/\/tozabljak.com\/zminje-jezero\/zminje-jezero\/\" data-url=\"https:\/\/tozabljak.com\/wp-content\/uploads\/2026\/01\/Zminje-jezero--1024x576.webp\" data-width=\"1200\" src=\"https:\/\/i0.wp.com\/tozabljak.com\/wp-content\/uploads\/2026\/01\/Zminje-jezero--1024x576.webp?ssl=1\" data-amp-layout=\"responsive\"\/><\/figure><\/div><div class=\"tiled-gallery__col\" style=\"flex-basis:31.11283%\"><figure class=\"tiled-gallery__item\"><img decoding=\"async\" data-attachment-id=\"746\" data-permalink=\"https:\/\/tozabljak.com\/me\/staza\/ledena-pecina-planinica-zminje-jezero-kruzna-tura\/zminje-jezero-2\/\" data-orig-file=\"https:\/\/i0.wp.com\/tozabljak.com\/wp-content\/uploads\/2026\/02\/Zminje-jezero.webp?fit=1920%2C2400&amp;ssl=1\" data-orig-size=\"1920,2400\" data-comments-opened=\"1\" data-image-meta=\"{&quot;aperture&quot;:&quot;0&quot;,&quot;credit&quot;:&quot;&quot;,&quot;camera&quot;:&quot;&quot;,&quot;caption&quot;:&quot;&quot;,&quot;created_timestamp&quot;:&quot;0&quot;,&quot;copyright&quot;:&quot;&quot;,&quot;focal_length&quot;:&quot;0&quot;,&quot;iso&quot;:&quot;0&quot;,&quot;shutter_speed&quot;:&quot;0&quot;,&quot;title&quot;:&quot;&quot;,&quot;orientation&quot;:&quot;0&quot;}\" data-image-title=\"Zminje jezero\" data-image-description=\"\" data-image-caption=\"\" data-medium-file=\"https:\/\/i0.wp.com\/tozabljak.com\/wp-content\/uploads\/2026\/02\/Zminje-jezero.webp?fit=240%2C300&amp;ssl=1\" data-large-file=\"https:\/\/i0.wp.com\/tozabljak.com\/wp-content\/uploads\/2026\/02\/Zminje-jezero.webp?fit=819%2C1024&amp;ssl=1\" data-attachment-id=\"746\" data-permalink=\"https:\/\/tozabljak.com\/me\/staza\/ledena-pecina-planinica-zminje-jezero-kruzna-tura\/zminje-jezero-2\/\" data-orig-file=\"https:\/\/i0.wp.com\/tozabljak.com\/wp-content\/uploads\/2026\/02\/Zminje-jezero.webp?fit=1920%2C2400&amp;ssl=1\" data-orig-size=\"1920,2400\" data-comments-opened=\"1\" data-image-meta=\"{&quot;aperture&quot;:&quot;0&quot;,&quot;credit&quot;:&quot;&quot;,&quot;camera&quot;:&quot;&quot;,&quot;caption&quot;:&quot;&quot;,&quot;created_timestamp&quot;:&quot;0&quot;,&quot;copyright&quot;:&quot;&quot;,&quot;focal_length&quot;:&quot;0&quot;,&quot;iso&quot;:&quot;0&quot;,&quot;shutter_speed&quot;:&quot;0&quot;,&quot;title&quot;:&quot;&quot;,&quot;orientation&quot;:&quot;0&quot;}\" data-image-title=\"Zminje jezero\" data-image-description=\"\" data-image-caption=\"\" data-medium-file=\"https:\/\/i0.wp.com\/tozabljak.com\/wp-content\/uploads\/2026\/02\/Zminje-jezero.webp?fit=240%2C300&amp;ssl=1\" data-large-file=\"https:\/\/i0.wp.com\/tozabljak.com\/wp-content\/uploads\/2026\/02\/Zminje-jezero.webp?fit=819%2C1024&amp;ssl=1\" role=\"button\" tabindex=\"0\" aria-label=\"Open image 2 of 2 in full-screen\"srcset=\"https:\/\/i0.wp.com\/tozabljak.com\/wp-content\/uploads\/2026\/02\/Zminje-jezero-819x1024.webp?strip=info&#038;w=600&#038;ssl=1 600w,https:\/\/i0.wp.com\/tozabljak.com\/wp-content\/uploads\/2026\/02\/Zminje-jezero-819x1024.webp?strip=info&#038;w=900&#038;ssl=1 900w,https:\/\/i0.wp.com\/tozabljak.com\/wp-content\/uploads\/2026\/02\/Zminje-jezero-819x1024.webp?strip=info&#038;w=1200&#038;ssl=1 1200w,https:\/\/i0.wp.com\/tozabljak.com\/wp-content\/uploads\/2026\/02\/Zminje-jezero-819x1024.webp?strip=info&#038;w=1500&#038;ssl=1 1500w,https:\/\/i0.wp.com\/tozabljak.com\/wp-content\/uploads\/2026\/02\/Zminje-jezero-819x1024.webp?strip=info&#038;w=1800&#038;ssl=1 1800w,https:\/\/i0.wp.com\/tozabljak.com\/wp-content\/uploads\/2026\/02\/Zminje-jezero-819x1024.webp?strip=info&#038;w=1920&#038;ssl=1 1920w\" alt=\"\" data-height=\"2400\" data-id=\"746\" data-link=\"https:\/\/tozabljak.com\/staza\/ledena-pecina-planinica-zminje-jezero-kruzna-tura\/zminje-jezero-2\/\" data-url=\"https:\/\/tozabljak.com\/wp-content\/uploads\/2026\/02\/Zminje-jezero-819x1024.webp\" data-width=\"1920\" src=\"https:\/\/i0.wp.com\/tozabljak.com\/wp-content\/uploads\/2026\/02\/Zminje-jezero-819x1024.webp?ssl=1\" data-amp-layout=\"responsive\"\/><\/figure><\/div><\/div><\/div><\/div><\/div>\n","protected":false},"excerpt":{"rendered":"<p>Zminje jezero je jedno od manjih, ali izuzetno slikovitih ledni\u010dkih jezera na podru\u010dju Nacionalnog parka Durmitor. Smje\u0161teno je na oko 1.520 metara nadmorske visine, u gustoj crnogori\u010dnoj \u0161umi, jugozapadno od Crnog jezera, i u neposrednoj blizini sela Bosa\u010da. Jezero je poznato po svom mirnom ambijentu, zelenkastoj boji vode i bogatom \u0161umskom okru\u017eenju koje pru\u017ea izuzetnu<a href=\"https:\/\/tozabljak.com\/me\/zminje-jezero\/\">Continue reading <span class=\"sr-only\">&#8220;Zminje jezero&#8221;<\/span><\/a><\/p>\n","protected":false},"author":209674362,"featured_media":523,"parent":0,"menu_order":0,"comment_status":"closed","ping_status":"closed","template":"","meta":{"_crdt_document":"","jetpack_post_was_ever_published":false,"footnotes":""},"class_list":["post-522","page","type-page","status-publish","has-post-thumbnail","hentry"],"yoast_head":"<!-- This site is optimized with the Yoast SEO plugin v27.3 - https:\/\/yoast.com\/product\/yoast-seo-wordpress\/ -->\n<title>Zminje jezero | TO \u017dabljak<\/title>\n<meta name=\"robots\" content=\"index, follow, max-snippet:-1, max-image-preview:large, max-video-preview:-1\" \/>\n<link rel=\"canonical\" href=\"https:\/\/tozabljak.com\/me\/zminje-jezero\/\" \/>\n<meta property=\"og:locale\" content=\"bs_BA\" \/>\n<meta property=\"og:type\" content=\"article\" \/>\n<meta property=\"og:title\" content=\"Zminje jezero | TO \u017dabljak\" \/>\n<meta property=\"og:description\" content=\"Zminje jezero je jedno od manjih, ali izuzetno slikovitih ledni\u010dkih jezera na podru\u010dju Nacionalnog parka Durmitor. Smje\u0161teno je na oko 1.520 metara nadmorske visine, u gustoj crnogori\u010dnoj \u0161umi, jugozapadno od Crnog jezera, i u neposrednoj blizini sela Bosa\u010da. Jezero je poznato po svom mirnom ambijentu, zelenkastoj boji vode i bogatom \u0161umskom okru\u017eenju koje pru\u017ea izuzetnuContinue reading &quot;Zminje jezero&quot;\" \/>\n<meta property=\"og:url\" content=\"https:\/\/tozabljak.com\/me\/zminje-jezero\/\" \/>\n<meta property=\"og:site_name\" content=\"TO \u017dabljak\" \/>\n<meta property=\"article:publisher\" content=\"https:\/\/www.facebook.com\/TOZabljak\/\" \/>\n<meta property=\"article:modified_time\" content=\"2026-03-04T12:44:08+00:00\" \/>\n<meta property=\"og:image\" content=\"https:\/\/tozabljak.com\/wp-content\/uploads\/2026\/01\/Zminje-jezero-.webp\" \/>\n\t<meta property=\"og:image:width\" content=\"1200\" \/>\n\t<meta property=\"og:image:height\" content=\"675\" \/>\n\t<meta property=\"og:image:type\" content=\"image\/webp\" \/>\n<meta name=\"twitter:card\" content=\"summary_large_image\" \/>\n<meta name=\"twitter:label1\" content=\"Est. reading time\" \/>\n\t<meta name=\"twitter:data1\" content=\"2 minute\" \/>\n<script type=\"application\/ld+json\" class=\"yoast-schema-graph\">{\"@context\":\"https:\\\/\\\/schema.org\",\"@graph\":[{\"@type\":\"WebPage\",\"@id\":\"https:\\\/\\\/tozabljak.com\\\/zminje-jezero\\\/\",\"url\":\"https:\\\/\\\/tozabljak.com\\\/zminje-jezero\\\/\",\"name\":\"Zminje jezero | TO \u017dabljak\",\"isPartOf\":{\"@id\":\"https:\\\/\\\/tozabljak.com\\\/#website\"},\"primaryImageOfPage\":{\"@id\":\"https:\\\/\\\/tozabljak.com\\\/zminje-jezero\\\/#primaryimage\"},\"image\":{\"@id\":\"https:\\\/\\\/tozabljak.com\\\/zminje-jezero\\\/#primaryimage\"},\"thumbnailUrl\":\"https:\\\/\\\/i0.wp.com\\\/tozabljak.com\\\/wp-content\\\/uploads\\\/2026\\\/01\\\/Zminje-jezero-.webp?fit=1200%2C675&ssl=1\",\"datePublished\":\"2026-01-10T21:50:19+00:00\",\"dateModified\":\"2026-03-04T12:44:08+00:00\",\"breadcrumb\":{\"@id\":\"https:\\\/\\\/tozabljak.com\\\/zminje-jezero\\\/#breadcrumb\"},\"inLanguage\":\"bs-BA\",\"potentialAction\":[{\"@type\":\"ReadAction\",\"target\":[\"https:\\\/\\\/tozabljak.com\\\/zminje-jezero\\\/\"]}]},{\"@type\":\"ImageObject\",\"inLanguage\":\"bs-BA\",\"@id\":\"https:\\\/\\\/tozabljak.com\\\/zminje-jezero\\\/#primaryimage\",\"url\":\"https:\\\/\\\/i0.wp.com\\\/tozabljak.com\\\/wp-content\\\/uploads\\\/2026\\\/01\\\/Zminje-jezero-.webp?fit=1200%2C675&ssl=1\",\"contentUrl\":\"https:\\\/\\\/i0.wp.com\\\/tozabljak.com\\\/wp-content\\\/uploads\\\/2026\\\/01\\\/Zminje-jezero-.webp?fit=1200%2C675&ssl=1\",\"width\":1200,\"height\":675},{\"@type\":\"BreadcrumbList\",\"@id\":\"https:\\\/\\\/tozabljak.com\\\/zminje-jezero\\\/#breadcrumb\",\"itemListElement\":[{\"@type\":\"ListItem\",\"position\":1,\"name\":\"Home\",\"item\":\"https:\\\/\\\/tozabljak.com\\\/\"},{\"@type\":\"ListItem\",\"position\":2,\"name\":\"Zminje jezero\"}]},{\"@type\":\"WebSite\",\"@id\":\"https:\\\/\\\/tozabljak.com\\\/#website\",\"url\":\"https:\\\/\\\/tozabljak.com\\\/\",\"name\":\"Turisti\u010dka Organizacija \u017dabljak\",\"description\":\"Turisti\u010dka Organizacija \u017dabljak\",\"publisher\":{\"@id\":\"https:\\\/\\\/tozabljak.com\\\/#organization\"},\"alternateName\":\"Turisti\u010dka Organizacija \u017dabljak\",\"potentialAction\":[{\"@type\":\"SearchAction\",\"target\":{\"@type\":\"EntryPoint\",\"urlTemplate\":\"https:\\\/\\\/tozabljak.com\\\/?s={search_term_string}\"},\"query-input\":{\"@type\":\"PropertyValueSpecification\",\"valueRequired\":true,\"valueName\":\"search_term_string\"}}],\"inLanguage\":\"bs-BA\"},{\"@type\":\"Organization\",\"@id\":\"https:\\\/\\\/tozabljak.com\\\/#organization\",\"name\":\"Turisti\u010dka Organizacija \u017dabljak\",\"alternateName\":\"TO \u017dabljak\",\"url\":\"https:\\\/\\\/tozabljak.com\\\/\",\"logo\":{\"@type\":\"ImageObject\",\"inLanguage\":\"bs-BA\",\"@id\":\"https:\\\/\\\/tozabljak.com\\\/#\\\/schema\\\/logo\\\/image\\\/\",\"url\":\"https:\\\/\\\/i0.wp.com\\\/tozabljak.com\\\/wp-content\\\/uploads\\\/2026\\\/01\\\/logoo.png?fit=500%2C500&ssl=1\",\"contentUrl\":\"https:\\\/\\\/i0.wp.com\\\/tozabljak.com\\\/wp-content\\\/uploads\\\/2026\\\/01\\\/logoo.png?fit=500%2C500&ssl=1\",\"width\":500,\"height\":500,\"caption\":\"Turisti\u010dka Organizacija \u017dabljak\"},\"image\":{\"@id\":\"https:\\\/\\\/tozabljak.com\\\/#\\\/schema\\\/logo\\\/image\\\/\"},\"sameAs\":[\"https:\\\/\\\/www.facebook.com\\\/TOZabljak\\\/\"]}]}<\/script>\n<!-- \/ Yoast SEO plugin. -->","yoast_head_json":{"title":"Zminje jezero | TO \u017dabljak","robots":{"index":"index","follow":"follow","max-snippet":"max-snippet:-1","max-image-preview":"max-image-preview:large","max-video-preview":"max-video-preview:-1"},"canonical":"https:\/\/tozabljak.com\/me\/zminje-jezero\/","og_locale":"bs_BA","og_type":"article","og_title":"Zminje jezero | TO \u017dabljak","og_description":"Zminje jezero je jedno od manjih, ali izuzetno slikovitih ledni\u010dkih jezera na podru\u010dju Nacionalnog parka Durmitor. Smje\u0161teno je na oko 1.520 metara nadmorske visine, u gustoj crnogori\u010dnoj \u0161umi, jugozapadno od Crnog jezera, i u neposrednoj blizini sela Bosa\u010da. Jezero je poznato po svom mirnom ambijentu, zelenkastoj boji vode i bogatom \u0161umskom okru\u017eenju koje pru\u017ea izuzetnuContinue reading \"Zminje jezero\"","og_url":"https:\/\/tozabljak.com\/me\/zminje-jezero\/","og_site_name":"TO \u017dabljak","article_publisher":"https:\/\/www.facebook.com\/TOZabljak\/","article_modified_time":"2026-03-04T12:44:08+00:00","og_image":[{"width":1200,"height":675,"url":"https:\/\/tozabljak.com\/wp-content\/uploads\/2026\/01\/Zminje-jezero-.webp","type":"image\/webp"}],"twitter_card":"summary_large_image","twitter_misc":{"Est. reading time":"2 minute"},"schema":{"@context":"https:\/\/schema.org","@graph":[{"@type":"WebPage","@id":"https:\/\/tozabljak.com\/zminje-jezero\/","url":"https:\/\/tozabljak.com\/zminje-jezero\/","name":"Zminje jezero | TO \u017dabljak","isPartOf":{"@id":"https:\/\/tozabljak.com\/#website"},"primaryImageOfPage":{"@id":"https:\/\/tozabljak.com\/zminje-jezero\/#primaryimage"},"image":{"@id":"https:\/\/tozabljak.com\/zminje-jezero\/#primaryimage"},"thumbnailUrl":"https:\/\/i0.wp.com\/tozabljak.com\/wp-content\/uploads\/2026\/01\/Zminje-jezero-.webp?fit=1200%2C675&ssl=1","datePublished":"2026-01-10T21:50:19+00:00","dateModified":"2026-03-04T12:44:08+00:00","breadcrumb":{"@id":"https:\/\/tozabljak.com\/zminje-jezero\/#breadcrumb"},"inLanguage":"bs-BA","potentialAction":[{"@type":"ReadAction","target":["https:\/\/tozabljak.com\/zminje-jezero\/"]}]},{"@type":"ImageObject","inLanguage":"bs-BA","@id":"https:\/\/tozabljak.com\/zminje-jezero\/#primaryimage","url":"https:\/\/i0.wp.com\/tozabljak.com\/wp-content\/uploads\/2026\/01\/Zminje-jezero-.webp?fit=1200%2C675&ssl=1","contentUrl":"https:\/\/i0.wp.com\/tozabljak.com\/wp-content\/uploads\/2026\/01\/Zminje-jezero-.webp?fit=1200%2C675&ssl=1","width":1200,"height":675},{"@type":"BreadcrumbList","@id":"https:\/\/tozabljak.com\/zminje-jezero\/#breadcrumb","itemListElement":[{"@type":"ListItem","position":1,"name":"Home","item":"https:\/\/tozabljak.com\/"},{"@type":"ListItem","position":2,"name":"Zminje jezero"}]},{"@type":"WebSite","@id":"https:\/\/tozabljak.com\/#website","url":"https:\/\/tozabljak.com\/","name":"Turisti\u010dka Organizacija \u017dabljak","description":"Turisti\u010dka Organizacija \u017dabljak","publisher":{"@id":"https:\/\/tozabljak.com\/#organization"},"alternateName":"Turisti\u010dka Organizacija \u017dabljak","potentialAction":[{"@type":"SearchAction","target":{"@type":"EntryPoint","urlTemplate":"https:\/\/tozabljak.com\/?s={search_term_string}"},"query-input":{"@type":"PropertyValueSpecification","valueRequired":true,"valueName":"search_term_string"}}],"inLanguage":"bs-BA"},{"@type":"Organization","@id":"https:\/\/tozabljak.com\/#organization","name":"Turisti\u010dka Organizacija \u017dabljak","alternateName":"TO \u017dabljak","url":"https:\/\/tozabljak.com\/","logo":{"@type":"ImageObject","inLanguage":"bs-BA","@id":"https:\/\/tozabljak.com\/#\/schema\/logo\/image\/","url":"https:\/\/i0.wp.com\/tozabljak.com\/wp-content\/uploads\/2026\/01\/logoo.png?fit=500%2C500&ssl=1","contentUrl":"https:\/\/i0.wp.com\/tozabljak.com\/wp-content\/uploads\/2026\/01\/logoo.png?fit=500%2C500&ssl=1","width":500,"height":500,"caption":"Turisti\u010dka Organizacija \u017dabljak"},"image":{"@id":"https:\/\/tozabljak.com\/#\/schema\/logo\/image\/"},"sameAs":["https:\/\/www.facebook.com\/TOZabljak\/"]}]}},"jetpack_sharing_enabled":true,"jetpack_shortlink":"https:\/\/wp.me\/PgWkRi-8q","_links":{"self":[{"href":"https:\/\/tozabljak.com\/me\/wp-json\/wp\/v2\/pages\/522","targetHints":{"allow":["GET"]}}],"collection":[{"href":"https:\/\/tozabljak.com\/me\/wp-json\/wp\/v2\/pages"}],"about":[{"href":"https:\/\/tozabljak.com\/me\/wp-json\/wp\/v2\/types\/page"}],"author":[{"embeddable":true,"href":"https:\/\/tozabljak.com\/me\/wp-json\/wp\/v2\/users\/209674362"}],"replies":[{"embeddable":true,"href":"https:\/\/tozabljak.com\/me\/wp-json\/wp\/v2\/comments?post=522"}],"version-history":[{"count":2,"href":"https:\/\/tozabljak.com\/me\/wp-json\/wp\/v2\/pages\/522\/revisions"}],"predecessor-version":[{"id":895,"href":"https:\/\/tozabljak.com\/me\/wp-json\/wp\/v2\/pages\/522\/revisions\/895"}],"wp:featuredmedia":[{"embeddable":true,"href":"https:\/\/tozabljak.com\/me\/wp-json\/wp\/v2\/media\/523"}],"wp:attachment":[{"href":"https:\/\/tozabljak.com\/me\/wp-json\/wp\/v2\/media?parent=522"}],"curies":[{"name":"wp","href":"https:\/\/api.w.org\/{rel}","templated":true}]}}