{"id":376,"date":"2025-12-29T11:32:19","date_gmt":"2025-12-29T11:32:19","guid":{"rendered":"https:\/\/tozabljak.com\/?page_id=376"},"modified":"2025-12-29T11:32:19","modified_gmt":"2025-12-29T11:32:19","slug":"orijentiring","status":"publish","type":"page","link":"https:\/\/tozabljak.com\/me\/orijentiring\/","title":{"rendered":"Orijentiring"},"content":{"rendered":"\n<p class=\"wp-block-paragraph\">Orijentiring je sport u kome takmi\u010dar treba da za najkra\u0107e vreme prona\u0111e na terenu odre\u0111eni broj kontrolnih ta\u010daka (kontrola) i to redosledom kojim su ta\u010dke nacrtane na karti. Karte se izra\u0111uju po me\u0111unarodnim standardima ISOM, Me\u0111unarodne orijentiring federacije. <\/p>\n\n\n\n<p class=\"wp-block-paragraph\">Takmi\u010dari se uz pomo\u0107 karte i kompasa kre\u0107u nepoznatim terenom. Orijentiring je sport za sve generacije, a mo\u017ee se upra\u017enjavati rekreativno i takmi\u010darski. Od opreme su potrebni kompas i oprema za tr\u010danje u prirodi.<\/p>\n\n\n\n<p class=\"wp-block-paragraph\"><\/p>\n","protected":false},"excerpt":{"rendered":"<p>Orijentiring je sport u kome takmi\u010dar treba da za najkra\u0107e vreme prona\u0111e na terenu odre\u0111eni broj kontrolnih ta\u010daka (kontrola) i to redosledom kojim su ta\u010dke nacrtane na karti. Karte se izra\u0111uju po me\u0111unarodnim standardima ISOM, Me\u0111unarodne orijentiring federacije. Takmi\u010dari se uz pomo\u0107 karte i kompasa kre\u0107u nepoznatim terenom. Orijentiring je sport za sve generacije, a<a href=\"https:\/\/tozabljak.com\/me\/orijentiring\/\">Continue reading <span class=\"sr-only\">&#8220;Orijentiring&#8221;<\/span><\/a><\/p>\n","protected":false},"author":209674362,"featured_media":0,"parent":0,"menu_order":0,"comment_status":"closed","ping_status":"closed","template":"","meta":{"_crdt_document":"","jetpack_post_was_ever_published":false,"footnotes":""},"class_list":["post-376","page","type-page","status-publish","hentry"],"yoast_head":"<!-- This site is optimized with the Yoast SEO plugin v27.3 - https:\/\/yoast.com\/product\/yoast-seo-wordpress\/ -->\n<title>Orijentiring | TO \u017dabljak<\/title>\n<meta name=\"robots\" content=\"index, follow, max-snippet:-1, max-image-preview:large, max-video-preview:-1\" \/>\n<link rel=\"canonical\" href=\"https:\/\/tozabljak.com\/me\/orijentiring\/\" \/>\n<meta property=\"og:locale\" content=\"bs_BA\" \/>\n<meta property=\"og:type\" content=\"article\" \/>\n<meta property=\"og:title\" content=\"Orijentiring | TO \u017dabljak\" \/>\n<meta property=\"og:description\" content=\"Orijentiring je sport u kome takmi\u010dar treba da za najkra\u0107e vreme prona\u0111e na terenu odre\u0111eni broj kontrolnih ta\u010daka (kontrola) i to redosledom kojim su ta\u010dke nacrtane na karti. Karte se izra\u0111uju po me\u0111unarodnim standardima ISOM, Me\u0111unarodne orijentiring federacije. Takmi\u010dari se uz pomo\u0107 karte i kompasa kre\u0107u nepoznatim terenom. Orijentiring je sport za sve generacije, aContinue reading &quot;Orijentiring&quot;\" \/>\n<meta property=\"og:url\" content=\"https:\/\/tozabljak.com\/me\/orijentiring\/\" \/>\n<meta property=\"og:site_name\" content=\"TO \u017dabljak\" \/>\n<meta property=\"article:publisher\" content=\"https:\/\/www.facebook.com\/TOZabljak\/\" \/>\n<meta property=\"og:image\" content=\"https:\/\/i0.wp.com\/tozabljak.com\/wp-content\/uploads\/2025\/11\/tozabljak-durmitor.webp?fit=1280%2C720&ssl=1\" \/>\n\t<meta property=\"og:image:width\" content=\"1280\" \/>\n\t<meta property=\"og:image:height\" content=\"720\" \/>\n\t<meta property=\"og:image:type\" content=\"image\/webp\" \/>\n<meta name=\"twitter:card\" content=\"summary_large_image\" \/>\n<script type=\"application\/ld+json\" class=\"yoast-schema-graph\">{\"@context\":\"https:\\\/\\\/schema.org\",\"@graph\":[{\"@type\":\"WebPage\",\"@id\":\"https:\\\/\\\/tozabljak.com\\\/orijentiring\\\/\",\"url\":\"https:\\\/\\\/tozabljak.com\\\/orijentiring\\\/\",\"name\":\"Orijentiring | TO \u017dabljak\",\"isPartOf\":{\"@id\":\"https:\\\/\\\/tozabljak.com\\\/#website\"},\"datePublished\":\"2025-12-29T11:32:19+00:00\",\"breadcrumb\":{\"@id\":\"https:\\\/\\\/tozabljak.com\\\/orijentiring\\\/#breadcrumb\"},\"inLanguage\":\"bs-BA\",\"potentialAction\":[{\"@type\":\"ReadAction\",\"target\":[\"https:\\\/\\\/tozabljak.com\\\/orijentiring\\\/\"]}]},{\"@type\":\"BreadcrumbList\",\"@id\":\"https:\\\/\\\/tozabljak.com\\\/orijentiring\\\/#breadcrumb\",\"itemListElement\":[{\"@type\":\"ListItem\",\"position\":1,\"name\":\"Home\",\"item\":\"https:\\\/\\\/tozabljak.com\\\/\"},{\"@type\":\"ListItem\",\"position\":2,\"name\":\"Orijentiring\"}]},{\"@type\":\"WebSite\",\"@id\":\"https:\\\/\\\/tozabljak.com\\\/#website\",\"url\":\"https:\\\/\\\/tozabljak.com\\\/\",\"name\":\"Turisti\u010dka Organizacija \u017dabljak\",\"description\":\"Turisti\u010dka Organizacija \u017dabljak\",\"publisher\":{\"@id\":\"https:\\\/\\\/tozabljak.com\\\/#organization\"},\"alternateName\":\"Turisti\u010dka Organizacija \u017dabljak\",\"potentialAction\":[{\"@type\":\"SearchAction\",\"target\":{\"@type\":\"EntryPoint\",\"urlTemplate\":\"https:\\\/\\\/tozabljak.com\\\/?s={search_term_string}\"},\"query-input\":{\"@type\":\"PropertyValueSpecification\",\"valueRequired\":true,\"valueName\":\"search_term_string\"}}],\"inLanguage\":\"bs-BA\"},{\"@type\":\"Organization\",\"@id\":\"https:\\\/\\\/tozabljak.com\\\/#organization\",\"name\":\"Turisti\u010dka Organizacija \u017dabljak\",\"alternateName\":\"TO \u017dabljak\",\"url\":\"https:\\\/\\\/tozabljak.com\\\/\",\"logo\":{\"@type\":\"ImageObject\",\"inLanguage\":\"bs-BA\",\"@id\":\"https:\\\/\\\/tozabljak.com\\\/#\\\/schema\\\/logo\\\/image\\\/\",\"url\":\"https:\\\/\\\/i0.wp.com\\\/tozabljak.com\\\/wp-content\\\/uploads\\\/2026\\\/01\\\/logoo.png?fit=500%2C500&ssl=1\",\"contentUrl\":\"https:\\\/\\\/i0.wp.com\\\/tozabljak.com\\\/wp-content\\\/uploads\\\/2026\\\/01\\\/logoo.png?fit=500%2C500&ssl=1\",\"width\":500,\"height\":500,\"caption\":\"Turisti\u010dka Organizacija \u017dabljak\"},\"image\":{\"@id\":\"https:\\\/\\\/tozabljak.com\\\/#\\\/schema\\\/logo\\\/image\\\/\"},\"sameAs\":[\"https:\\\/\\\/www.facebook.com\\\/TOZabljak\\\/\"]}]}<\/script>\n<!-- \/ Yoast SEO plugin. -->","yoast_head_json":{"title":"Orijentiring | TO \u017dabljak","robots":{"index":"index","follow":"follow","max-snippet":"max-snippet:-1","max-image-preview":"max-image-preview:large","max-video-preview":"max-video-preview:-1"},"canonical":"https:\/\/tozabljak.com\/me\/orijentiring\/","og_locale":"bs_BA","og_type":"article","og_title":"Orijentiring | TO \u017dabljak","og_description":"Orijentiring je sport u kome takmi\u010dar treba da za najkra\u0107e vreme prona\u0111e na terenu odre\u0111eni broj kontrolnih ta\u010daka (kontrola) i to redosledom kojim su ta\u010dke nacrtane na karti. Karte se izra\u0111uju po me\u0111unarodnim standardima ISOM, Me\u0111unarodne orijentiring federacije. Takmi\u010dari se uz pomo\u0107 karte i kompasa kre\u0107u nepoznatim terenom. Orijentiring je sport za sve generacije, aContinue reading \"Orijentiring\"","og_url":"https:\/\/tozabljak.com\/me\/orijentiring\/","og_site_name":"TO \u017dabljak","article_publisher":"https:\/\/www.facebook.com\/TOZabljak\/","og_image":[{"width":1280,"height":720,"url":"https:\/\/i0.wp.com\/tozabljak.com\/wp-content\/uploads\/2025\/11\/tozabljak-durmitor.webp?fit=1280%2C720&ssl=1","type":"image\/webp"}],"twitter_card":"summary_large_image","schema":{"@context":"https:\/\/schema.org","@graph":[{"@type":"WebPage","@id":"https:\/\/tozabljak.com\/orijentiring\/","url":"https:\/\/tozabljak.com\/orijentiring\/","name":"Orijentiring | TO \u017dabljak","isPartOf":{"@id":"https:\/\/tozabljak.com\/#website"},"datePublished":"2025-12-29T11:32:19+00:00","breadcrumb":{"@id":"https:\/\/tozabljak.com\/orijentiring\/#breadcrumb"},"inLanguage":"bs-BA","potentialAction":[{"@type":"ReadAction","target":["https:\/\/tozabljak.com\/orijentiring\/"]}]},{"@type":"BreadcrumbList","@id":"https:\/\/tozabljak.com\/orijentiring\/#breadcrumb","itemListElement":[{"@type":"ListItem","position":1,"name":"Home","item":"https:\/\/tozabljak.com\/"},{"@type":"ListItem","position":2,"name":"Orijentiring"}]},{"@type":"WebSite","@id":"https:\/\/tozabljak.com\/#website","url":"https:\/\/tozabljak.com\/","name":"Turisti\u010dka Organizacija \u017dabljak","description":"Turisti\u010dka Organizacija \u017dabljak","publisher":{"@id":"https:\/\/tozabljak.com\/#organization"},"alternateName":"Turisti\u010dka Organizacija \u017dabljak","potentialAction":[{"@type":"SearchAction","target":{"@type":"EntryPoint","urlTemplate":"https:\/\/tozabljak.com\/?s={search_term_string}"},"query-input":{"@type":"PropertyValueSpecification","valueRequired":true,"valueName":"search_term_string"}}],"inLanguage":"bs-BA"},{"@type":"Organization","@id":"https:\/\/tozabljak.com\/#organization","name":"Turisti\u010dka Organizacija \u017dabljak","alternateName":"TO \u017dabljak","url":"https:\/\/tozabljak.com\/","logo":{"@type":"ImageObject","inLanguage":"bs-BA","@id":"https:\/\/tozabljak.com\/#\/schema\/logo\/image\/","url":"https:\/\/i0.wp.com\/tozabljak.com\/wp-content\/uploads\/2026\/01\/logoo.png?fit=500%2C500&ssl=1","contentUrl":"https:\/\/i0.wp.com\/tozabljak.com\/wp-content\/uploads\/2026\/01\/logoo.png?fit=500%2C500&ssl=1","width":500,"height":500,"caption":"Turisti\u010dka Organizacija \u017dabljak"},"image":{"@id":"https:\/\/tozabljak.com\/#\/schema\/logo\/image\/"},"sameAs":["https:\/\/www.facebook.com\/TOZabljak\/"]}]}},"jetpack_sharing_enabled":true,"jetpack_shortlink":"https:\/\/wp.me\/PgWkRi-64","_links":{"self":[{"href":"https:\/\/tozabljak.com\/me\/wp-json\/wp\/v2\/pages\/376","targetHints":{"allow":["GET"]}}],"collection":[{"href":"https:\/\/tozabljak.com\/me\/wp-json\/wp\/v2\/pages"}],"about":[{"href":"https:\/\/tozabljak.com\/me\/wp-json\/wp\/v2\/types\/page"}],"author":[{"embeddable":true,"href":"https:\/\/tozabljak.com\/me\/wp-json\/wp\/v2\/users\/209674362"}],"replies":[{"embeddable":true,"href":"https:\/\/tozabljak.com\/me\/wp-json\/wp\/v2\/comments?post=376"}],"version-history":[{"count":1,"href":"https:\/\/tozabljak.com\/me\/wp-json\/wp\/v2\/pages\/376\/revisions"}],"predecessor-version":[{"id":377,"href":"https:\/\/tozabljak.com\/me\/wp-json\/wp\/v2\/pages\/376\/revisions\/377"}],"wp:attachment":[{"href":"https:\/\/tozabljak.com\/me\/wp-json\/wp\/v2\/media?parent=376"}],"curies":[{"name":"wp","href":"https:\/\/api.w.org\/{rel}","templated":true}]}}