{"id":317,"date":"2025-12-23T11:57:39","date_gmt":"2025-12-23T11:57:39","guid":{"rendered":"https:\/\/tozabljak.com\/?page_id=317"},"modified":"2025-12-23T11:57:39","modified_gmt":"2025-12-23T11:57:39","slug":"hodanje-na-krpljama","status":"publish","type":"page","link":"https:\/\/tozabljak.com\/me\/hodanje-na-krpljama\/","title":{"rendered":"Hodanje na krpljama"},"content":{"rendered":"\n<p class=\"has-secondary-color has-text-color has-link-color wp-elements-ca000d4213c68731bc3ebfa9791f9c97 wp-block-paragraph\"><strong>Hodanje na krpljama<\/strong>\u00a0predstavlja uzbudljiv spoj rekreacije, sporta i prirode.<\/p>\n\n\n\n<p class=\"wp-block-paragraph\">Za one koji preferiraju hodanje, preporuka je \u0161etnja krpljama. Krplje se mogu iznajmiti u Centru za posjetioce Nacionalnog parka Durmitor i kod Ski centra na Savinom kuku, po cijeni od 4 eura. Na istom mjestu, po cijeni od 3 eura, mo\u017eete iznajmiti i \u0161tapove za \u0161etnju.<\/p>\n\n\n\n<p class=\"wp-block-paragraph\">Za hodanje na krpljama postoji markirana staza koja vodi od Crnog jezera do Ski centra \u201eSavin kuk\u201c.&nbsp;Njena du\u017eina je 6,7 kilometara, pretpostavljeno vrijeme prolaska oko dva sata, a tokom \u0161etnje u\u010desnici savladaju 268 metara uspona. Staza spada u lake.<\/p>\n\n\n\n<figure class=\"wp-block-embed is-type-video is-provider-youtube wp-block-embed-youtube wp-embed-aspect-16-9 wp-has-aspect-ratio\"><div class=\"wp-block-embed__wrapper\">\n<span class=\"embed-youtube\" style=\"text-align:center; display: block;\"><iframe loading=\"lazy\" class=\"youtube-player\" width=\"640\" height=\"360\" src=\"https:\/\/www.youtube.com\/embed\/ISISgEi0OTs?version=3&#038;rel=1&#038;showsearch=0&#038;showinfo=1&#038;iv_load_policy=1&#038;fs=1&#038;hl=bs-BA&#038;autohide=2&#038;wmode=transparent\" allowfullscreen=\"true\" style=\"border:0;\" sandbox=\"allow-scripts allow-same-origin allow-popups allow-presentation allow-popups-to-escape-sandbox\"><\/iframe><\/span>\n<\/div><\/figure>\n","protected":false},"excerpt":{"rendered":"<p>Hodanje na krpljama\u00a0predstavlja uzbudljiv spoj rekreacije, sporta i prirode. Za one koji preferiraju hodanje, preporuka je \u0161etnja krpljama. Krplje se mogu iznajmiti u Centru za posjetioce Nacionalnog parka Durmitor i kod Ski centra na Savinom kuku, po cijeni od 4 eura. Na istom mjestu, po cijeni od 3 eura, mo\u017eete iznajmiti i \u0161tapove za \u0161etnju.<a href=\"https:\/\/tozabljak.com\/me\/hodanje-na-krpljama\/\">Continue reading <span class=\"sr-only\">&#8220;Hodanje na krpljama&#8221;<\/span><\/a><\/p>\n","protected":false},"author":209674362,"featured_media":0,"parent":0,"menu_order":0,"comment_status":"closed","ping_status":"closed","template":"","meta":{"_crdt_document":"","jetpack_post_was_ever_published":false,"footnotes":""},"class_list":["post-317","page","type-page","status-publish","hentry"],"yoast_head":"<!-- This site is optimized with the Yoast SEO plugin v27.3 - https:\/\/yoast.com\/product\/yoast-seo-wordpress\/ -->\n<title>Hodanje na krpljama | TO \u017dabljak<\/title>\n<meta name=\"robots\" content=\"index, follow, max-snippet:-1, max-image-preview:large, max-video-preview:-1\" \/>\n<link rel=\"canonical\" href=\"https:\/\/tozabljak.com\/me\/hodanje-na-krpljama\/\" \/>\n<meta property=\"og:locale\" content=\"bs_BA\" \/>\n<meta property=\"og:type\" content=\"article\" \/>\n<meta property=\"og:title\" content=\"Hodanje na krpljama | TO \u017dabljak\" \/>\n<meta property=\"og:description\" content=\"Hodanje na krpljama\u00a0predstavlja uzbudljiv spoj rekreacije, sporta i prirode. Za one koji preferiraju hodanje, preporuka je \u0161etnja krpljama. Krplje se mogu iznajmiti u Centru za posjetioce Nacionalnog parka Durmitor i kod Ski centra na Savinom kuku, po cijeni od 4 eura. Na istom mjestu, po cijeni od 3 eura, mo\u017eete iznajmiti i \u0161tapove za \u0161etnju.Continue reading &quot;Hodanje na krpljama&quot;\" \/>\n<meta property=\"og:url\" content=\"https:\/\/tozabljak.com\/me\/hodanje-na-krpljama\/\" \/>\n<meta property=\"og:site_name\" content=\"TO \u017dabljak\" \/>\n<meta property=\"article:publisher\" content=\"https:\/\/www.facebook.com\/TOZabljak\/\" \/>\n<meta property=\"og:image\" content=\"https:\/\/i0.wp.com\/tozabljak.com\/wp-content\/uploads\/2025\/11\/tozabljak-durmitor.webp?fit=1280%2C720&ssl=1\" \/>\n\t<meta property=\"og:image:width\" content=\"1280\" \/>\n\t<meta property=\"og:image:height\" content=\"720\" \/>\n\t<meta property=\"og:image:type\" content=\"image\/webp\" \/>\n<meta name=\"twitter:card\" content=\"summary_large_image\" \/>\n<meta name=\"twitter:label1\" content=\"Est. reading time\" \/>\n\t<meta name=\"twitter:data1\" content=\"1 minuta\" \/>\n<script type=\"application\/ld+json\" class=\"yoast-schema-graph\">{\"@context\":\"https:\\\/\\\/schema.org\",\"@graph\":[{\"@type\":\"WebPage\",\"@id\":\"https:\\\/\\\/tozabljak.com\\\/hodanje-na-krpljama\\\/\",\"url\":\"https:\\\/\\\/tozabljak.com\\\/hodanje-na-krpljama\\\/\",\"name\":\"Hodanje na krpljama | TO \u017dabljak\",\"isPartOf\":{\"@id\":\"https:\\\/\\\/tozabljak.com\\\/#website\"},\"datePublished\":\"2025-12-23T11:57:39+00:00\",\"breadcrumb\":{\"@id\":\"https:\\\/\\\/tozabljak.com\\\/hodanje-na-krpljama\\\/#breadcrumb\"},\"inLanguage\":\"bs-BA\",\"potentialAction\":[{\"@type\":\"ReadAction\",\"target\":[\"https:\\\/\\\/tozabljak.com\\\/hodanje-na-krpljama\\\/\"]}]},{\"@type\":\"BreadcrumbList\",\"@id\":\"https:\\\/\\\/tozabljak.com\\\/hodanje-na-krpljama\\\/#breadcrumb\",\"itemListElement\":[{\"@type\":\"ListItem\",\"position\":1,\"name\":\"Home\",\"item\":\"https:\\\/\\\/tozabljak.com\\\/\"},{\"@type\":\"ListItem\",\"position\":2,\"name\":\"Hodanje na krpljama\"}]},{\"@type\":\"WebSite\",\"@id\":\"https:\\\/\\\/tozabljak.com\\\/#website\",\"url\":\"https:\\\/\\\/tozabljak.com\\\/\",\"name\":\"Turisti\u010dka Organizacija \u017dabljak\",\"description\":\"Turisti\u010dka Organizacija \u017dabljak\",\"publisher\":{\"@id\":\"https:\\\/\\\/tozabljak.com\\\/#organization\"},\"alternateName\":\"Turisti\u010dka Organizacija \u017dabljak\",\"potentialAction\":[{\"@type\":\"SearchAction\",\"target\":{\"@type\":\"EntryPoint\",\"urlTemplate\":\"https:\\\/\\\/tozabljak.com\\\/?s={search_term_string}\"},\"query-input\":{\"@type\":\"PropertyValueSpecification\",\"valueRequired\":true,\"valueName\":\"search_term_string\"}}],\"inLanguage\":\"bs-BA\"},{\"@type\":\"Organization\",\"@id\":\"https:\\\/\\\/tozabljak.com\\\/#organization\",\"name\":\"Turisti\u010dka Organizacija \u017dabljak\",\"alternateName\":\"TO \u017dabljak\",\"url\":\"https:\\\/\\\/tozabljak.com\\\/\",\"logo\":{\"@type\":\"ImageObject\",\"inLanguage\":\"bs-BA\",\"@id\":\"https:\\\/\\\/tozabljak.com\\\/#\\\/schema\\\/logo\\\/image\\\/\",\"url\":\"https:\\\/\\\/i0.wp.com\\\/tozabljak.com\\\/wp-content\\\/uploads\\\/2026\\\/01\\\/logoo.png?fit=500%2C500&ssl=1\",\"contentUrl\":\"https:\\\/\\\/i0.wp.com\\\/tozabljak.com\\\/wp-content\\\/uploads\\\/2026\\\/01\\\/logoo.png?fit=500%2C500&ssl=1\",\"width\":500,\"height\":500,\"caption\":\"Turisti\u010dka Organizacija \u017dabljak\"},\"image\":{\"@id\":\"https:\\\/\\\/tozabljak.com\\\/#\\\/schema\\\/logo\\\/image\\\/\"},\"sameAs\":[\"https:\\\/\\\/www.facebook.com\\\/TOZabljak\\\/\"]}]}<\/script>\n<!-- \/ Yoast SEO plugin. -->","yoast_head_json":{"title":"Hodanje na krpljama | TO \u017dabljak","robots":{"index":"index","follow":"follow","max-snippet":"max-snippet:-1","max-image-preview":"max-image-preview:large","max-video-preview":"max-video-preview:-1"},"canonical":"https:\/\/tozabljak.com\/me\/hodanje-na-krpljama\/","og_locale":"bs_BA","og_type":"article","og_title":"Hodanje na krpljama | TO \u017dabljak","og_description":"Hodanje na krpljama\u00a0predstavlja uzbudljiv spoj rekreacije, sporta i prirode. Za one koji preferiraju hodanje, preporuka je \u0161etnja krpljama. Krplje se mogu iznajmiti u Centru za posjetioce Nacionalnog parka Durmitor i kod Ski centra na Savinom kuku, po cijeni od 4 eura. Na istom mjestu, po cijeni od 3 eura, mo\u017eete iznajmiti i \u0161tapove za \u0161etnju.Continue reading \"Hodanje na krpljama\"","og_url":"https:\/\/tozabljak.com\/me\/hodanje-na-krpljama\/","og_site_name":"TO \u017dabljak","article_publisher":"https:\/\/www.facebook.com\/TOZabljak\/","og_image":[{"width":1280,"height":720,"url":"https:\/\/i0.wp.com\/tozabljak.com\/wp-content\/uploads\/2025\/11\/tozabljak-durmitor.webp?fit=1280%2C720&ssl=1","type":"image\/webp"}],"twitter_card":"summary_large_image","twitter_misc":{"Est. reading time":"1 minuta"},"schema":{"@context":"https:\/\/schema.org","@graph":[{"@type":"WebPage","@id":"https:\/\/tozabljak.com\/hodanje-na-krpljama\/","url":"https:\/\/tozabljak.com\/hodanje-na-krpljama\/","name":"Hodanje na krpljama | TO \u017dabljak","isPartOf":{"@id":"https:\/\/tozabljak.com\/#website"},"datePublished":"2025-12-23T11:57:39+00:00","breadcrumb":{"@id":"https:\/\/tozabljak.com\/hodanje-na-krpljama\/#breadcrumb"},"inLanguage":"bs-BA","potentialAction":[{"@type":"ReadAction","target":["https:\/\/tozabljak.com\/hodanje-na-krpljama\/"]}]},{"@type":"BreadcrumbList","@id":"https:\/\/tozabljak.com\/hodanje-na-krpljama\/#breadcrumb","itemListElement":[{"@type":"ListItem","position":1,"name":"Home","item":"https:\/\/tozabljak.com\/"},{"@type":"ListItem","position":2,"name":"Hodanje na krpljama"}]},{"@type":"WebSite","@id":"https:\/\/tozabljak.com\/#website","url":"https:\/\/tozabljak.com\/","name":"Turisti\u010dka Organizacija \u017dabljak","description":"Turisti\u010dka Organizacija \u017dabljak","publisher":{"@id":"https:\/\/tozabljak.com\/#organization"},"alternateName":"Turisti\u010dka Organizacija \u017dabljak","potentialAction":[{"@type":"SearchAction","target":{"@type":"EntryPoint","urlTemplate":"https:\/\/tozabljak.com\/?s={search_term_string}"},"query-input":{"@type":"PropertyValueSpecification","valueRequired":true,"valueName":"search_term_string"}}],"inLanguage":"bs-BA"},{"@type":"Organization","@id":"https:\/\/tozabljak.com\/#organization","name":"Turisti\u010dka Organizacija \u017dabljak","alternateName":"TO \u017dabljak","url":"https:\/\/tozabljak.com\/","logo":{"@type":"ImageObject","inLanguage":"bs-BA","@id":"https:\/\/tozabljak.com\/#\/schema\/logo\/image\/","url":"https:\/\/i0.wp.com\/tozabljak.com\/wp-content\/uploads\/2026\/01\/logoo.png?fit=500%2C500&ssl=1","contentUrl":"https:\/\/i0.wp.com\/tozabljak.com\/wp-content\/uploads\/2026\/01\/logoo.png?fit=500%2C500&ssl=1","width":500,"height":500,"caption":"Turisti\u010dka Organizacija \u017dabljak"},"image":{"@id":"https:\/\/tozabljak.com\/#\/schema\/logo\/image\/"},"sameAs":["https:\/\/www.facebook.com\/TOZabljak\/"]}]}},"jetpack_sharing_enabled":true,"jetpack_shortlink":"https:\/\/wp.me\/PgWkRi-57","_links":{"self":[{"href":"https:\/\/tozabljak.com\/me\/wp-json\/wp\/v2\/pages\/317","targetHints":{"allow":["GET"]}}],"collection":[{"href":"https:\/\/tozabljak.com\/me\/wp-json\/wp\/v2\/pages"}],"about":[{"href":"https:\/\/tozabljak.com\/me\/wp-json\/wp\/v2\/types\/page"}],"author":[{"embeddable":true,"href":"https:\/\/tozabljak.com\/me\/wp-json\/wp\/v2\/users\/209674362"}],"replies":[{"embeddable":true,"href":"https:\/\/tozabljak.com\/me\/wp-json\/wp\/v2\/comments?post=317"}],"version-history":[{"count":2,"href":"https:\/\/tozabljak.com\/me\/wp-json\/wp\/v2\/pages\/317\/revisions"}],"predecessor-version":[{"id":319,"href":"https:\/\/tozabljak.com\/me\/wp-json\/wp\/v2\/pages\/317\/revisions\/319"}],"wp:attachment":[{"href":"https:\/\/tozabljak.com\/me\/wp-json\/wp\/v2\/media?parent=317"}],"curies":[{"name":"wp","href":"https:\/\/api.w.org\/{rel}","templated":true}]}}