{"id":507,"date":"2026-01-10T21:46:57","date_gmt":"2026-01-10T21:46:57","guid":{"rendered":"https:\/\/tozabljak.com\/?page_id=507"},"modified":"2026-03-04T12:37:38","modified_gmt":"2026-03-04T12:37:38","slug":"blue-lake","status":"publish","type":"page","link":"https:\/\/tozabljak.com\/en\/durmitorska-jezera\/modro-jezero\/","title":{"rendered":"Blue Lake"},"content":{"rendered":"<p class=\"wp-block-paragraph\">Blue Lake is located at the foot of the Durmitor peak Sedlena greda, at an altitude of 1609 meters. Its water is known for its intense deep blue color, from which it got its name. The maximum depth of Blue Lake is about 3.3 meters. This mountain lake is home to trout, while wild ducks can often be seen on its shores.<\/p>\n\n\n\n<p class=\"wp-block-paragraph\">Modro Jezero is part of a popular hiking route known as the \u201cThree Lakes\u201d trail, which includes Modro,&nbsp;<a href=\"https:\/\/tozabljak.com\/srablje-jezero\/\">Srablje<\/a>&nbsp;i&nbsp;<a href=\"https:\/\/tozabljak.com\/valovito-jezero\/\">Wavy<\/a>&nbsp;lake. This trail takes about three hours and is suitable for children and people with poor fitness, making it an ideal choice for a leisurely hike and enjoying nature.<\/p>\n\n\n\n<p class=\"wp-block-paragraph\"><a href=\"https:\/\/maps.app.goo.gl\/A6PG1bws1BdxGVNn6\">Google Maps<\/a><\/p>\n\n\n\n<figure class=\"wp-block-image size-large\"><img data-recalc-dims=\"1\" loading=\"lazy\" decoding=\"async\" width=\"1024\" height=\"576\" data-attachment-id=\"508\" data-permalink=\"https:\/\/tozabljak.com\/en\/durmitorska-jezera\/modro-jezero\/modro-jezero\/\" data-orig-file=\"https:\/\/i0.wp.com\/tozabljak.com\/wp-content\/uploads\/2026\/01\/Modro-jezero-.webp?fit=1200%2C675&amp;ssl=1\" data-orig-size=\"1200,675\" data-comments-opened=\"1\" data-image-meta=\"{&quot;aperture&quot;:&quot;0&quot;,&quot;credit&quot;:&quot;&quot;,&quot;camera&quot;:&quot;&quot;,&quot;caption&quot;:&quot;&quot;,&quot;created_timestamp&quot;:&quot;0&quot;,&quot;copyright&quot;:&quot;&quot;,&quot;focal_length&quot;:&quot;0&quot;,&quot;iso&quot;:&quot;0&quot;,&quot;shutter_speed&quot;:&quot;0&quot;,&quot;title&quot;:&quot;&quot;,&quot;orientation&quot;:&quot;0&quot;}\" data-image-title=\"Modro-jezero-\" data-image-description=\"\" data-image-caption=\"\" data-medium-file=\"https:\/\/i0.wp.com\/tozabljak.com\/wp-content\/uploads\/2026\/01\/Modro-jezero-.webp?fit=300%2C169&amp;ssl=1\" data-large-file=\"https:\/\/i0.wp.com\/tozabljak.com\/wp-content\/uploads\/2026\/01\/Modro-jezero-.webp?fit=1024%2C576&amp;ssl=1\" src=\"https:\/\/i0.wp.com\/tozabljak.com\/wp-content\/uploads\/2026\/01\/Modro-jezero-.webp?resize=1024%2C576&#038;ssl=1\" alt=\"\" class=\"wp-image-508\" srcset=\"https:\/\/i0.wp.com\/tozabljak.com\/wp-content\/uploads\/2026\/01\/Modro-jezero-.webp?resize=1024%2C576&amp;ssl=1 1024w, https:\/\/i0.wp.com\/tozabljak.com\/wp-content\/uploads\/2026\/01\/Modro-jezero-.webp?resize=300%2C169&amp;ssl=1 300w, https:\/\/i0.wp.com\/tozabljak.com\/wp-content\/uploads\/2026\/01\/Modro-jezero-.webp?resize=768%2C432&amp;ssl=1 768w, https:\/\/i0.wp.com\/tozabljak.com\/wp-content\/uploads\/2026\/01\/Modro-jezero-.webp?resize=18%2C10&amp;ssl=1 18w, https:\/\/i0.wp.com\/tozabljak.com\/wp-content\/uploads\/2026\/01\/Modro-jezero-.webp?w=1200&amp;ssl=1 1200w\" sizes=\"auto, (max-width: 1000px) 100vw, 1000px\" \/><\/figure>","protected":false},"excerpt":{"rendered":"<p>Blue Lake is located at the foot of the Durmitor peak Sedlena greda, at an altitude of 1609 meters. Its water is known for its intense deep blue color, from which it got its name. The maximum depth of Blue Lake is about 3.3 meters. This mountain lake is home to trout, while wild ducks can often be seen on its shores.<a href=\"https:\/\/tozabljak.com\/en\/durmitorska-jezera\/modro-jezero\/\">Continue reading <span class=\"sr-only\">&#8220;Modro jezero&#8221;<\/span><\/a><\/p>","protected":false},"author":209674362,"featured_media":508,"parent":460,"menu_order":0,"comment_status":"closed","ping_status":"closed","template":"","meta":{"_crdt_document":"","jetpack_post_was_ever_published":false,"footnotes":""},"class_list":["post-507","page","type-page","status-publish","has-post-thumbnail","hentry"],"yoast_head":"<!-- This site is optimized with the Yoast SEO plugin v27.3 - https:\/\/yoast.com\/product\/yoast-seo-wordpress\/ -->\n<title>Modro jezero | TO \u017dabljak<\/title>\n<meta name=\"robots\" content=\"index, follow, max-snippet:-1, max-image-preview:large, max-video-preview:-1\" \/>\n<link rel=\"canonical\" href=\"https:\/\/tozabljak.com\/en\/durmitor-lakes\/blue-lake\/\" \/>\n<meta property=\"og:locale\" content=\"en_GB\" \/>\n<meta property=\"og:type\" content=\"article\" \/>\n<meta property=\"og:title\" content=\"Modro jezero | TO \u017dabljak\" \/>\n<meta property=\"og:description\" content=\"Modro jezero smje\u0161teno je u podno\u017eju durmitorskog vrha Sedlena greda, na nadmorskoj visini od 1609 metara. Njegova voda je poznata po intenzivnoj duboko plavoj boji, po kojoj je i dobilo naziv. Maksimalna dubina Modrog jezera iznosi oko 3,3 metra. Ovo planinsko jezero je stani\u0161te pastrmke, dok se na njegovim obalama \u010desto mogu vidjeti divlje patke.Continue reading &quot;Modro jezero&quot;\" \/>\n<meta property=\"og:url\" content=\"https:\/\/tozabljak.com\/en\/durmitor-lakes\/blue-lake\/\" \/>\n<meta property=\"og:site_name\" content=\"TO \u017dabljak\" \/>\n<meta property=\"article:publisher\" content=\"https:\/\/www.facebook.com\/TOZabljak\/\" \/>\n<meta property=\"article:modified_time\" content=\"2026-03-04T12:37:38+00:00\" \/>\n<meta property=\"og:image\" content=\"https:\/\/tozabljak.com\/wp-content\/uploads\/2026\/01\/Modro-jezero-.webp\" \/>\n\t<meta property=\"og:image:width\" content=\"1200\" \/>\n\t<meta property=\"og:image:height\" content=\"675\" \/>\n\t<meta property=\"og:image:type\" content=\"image\/webp\" \/>\n<meta name=\"twitter:card\" content=\"summary_large_image\" \/>\n<meta name=\"twitter:label1\" content=\"Estimated reading time\" \/>\n\t<meta name=\"twitter:data1\" content=\"1 minute\" \/>\n<script type=\"application\/ld+json\" class=\"yoast-schema-graph\">{\"@context\":\"https:\\\/\\\/schema.org\",\"@graph\":[{\"@type\":\"WebPage\",\"@id\":\"https:\\\/\\\/tozabljak.com\\\/durmitorska-jezera\\\/modro-jezero\\\/\",\"url\":\"https:\\\/\\\/tozabljak.com\\\/durmitorska-jezera\\\/modro-jezero\\\/\",\"name\":\"Modro jezero | TO \u017dabljak\",\"isPartOf\":{\"@id\":\"https:\\\/\\\/tozabljak.com\\\/#website\"},\"primaryImageOfPage\":{\"@id\":\"https:\\\/\\\/tozabljak.com\\\/durmitorska-jezera\\\/modro-jezero\\\/#primaryimage\"},\"image\":{\"@id\":\"https:\\\/\\\/tozabljak.com\\\/durmitorska-jezera\\\/modro-jezero\\\/#primaryimage\"},\"thumbnailUrl\":\"https:\\\/\\\/i0.wp.com\\\/tozabljak.com\\\/wp-content\\\/uploads\\\/2026\\\/01\\\/Modro-jezero-.webp?fit=1200%2C675&ssl=1\",\"datePublished\":\"2026-01-10T21:46:57+00:00\",\"dateModified\":\"2026-03-04T12:37:38+00:00\",\"breadcrumb\":{\"@id\":\"https:\\\/\\\/tozabljak.com\\\/durmitorska-jezera\\\/modro-jezero\\\/#breadcrumb\"},\"inLanguage\":\"en-GB\",\"potentialAction\":[{\"@type\":\"ReadAction\",\"target\":[\"https:\\\/\\\/tozabljak.com\\\/durmitorska-jezera\\\/modro-jezero\\\/\"]}]},{\"@type\":\"ImageObject\",\"inLanguage\":\"en-GB\",\"@id\":\"https:\\\/\\\/tozabljak.com\\\/durmitorska-jezera\\\/modro-jezero\\\/#primaryimage\",\"url\":\"https:\\\/\\\/i0.wp.com\\\/tozabljak.com\\\/wp-content\\\/uploads\\\/2026\\\/01\\\/Modro-jezero-.webp?fit=1200%2C675&ssl=1\",\"contentUrl\":\"https:\\\/\\\/i0.wp.com\\\/tozabljak.com\\\/wp-content\\\/uploads\\\/2026\\\/01\\\/Modro-jezero-.webp?fit=1200%2C675&ssl=1\",\"width\":1200,\"height\":675},{\"@type\":\"BreadcrumbList\",\"@id\":\"https:\\\/\\\/tozabljak.com\\\/durmitorska-jezera\\\/modro-jezero\\\/#breadcrumb\",\"itemListElement\":[{\"@type\":\"ListItem\",\"position\":1,\"name\":\"Home\",\"item\":\"https:\\\/\\\/tozabljak.com\\\/\"},{\"@type\":\"ListItem\",\"position\":2,\"name\":\"Durmitorska jezera\",\"item\":\"https:\\\/\\\/tozabljak.com\\\/durmitorska-jezera\\\/\"},{\"@type\":\"ListItem\",\"position\":3,\"name\":\"Modro jezero\"}]},{\"@type\":\"WebSite\",\"@id\":\"https:\\\/\\\/tozabljak.com\\\/#website\",\"url\":\"https:\\\/\\\/tozabljak.com\\\/\",\"name\":\"Turisti\u010dka Organizacija \u017dabljak\",\"description\":\"Turisti\u010dka Organizacija \u017dabljak\",\"publisher\":{\"@id\":\"https:\\\/\\\/tozabljak.com\\\/#organization\"},\"alternateName\":\"Turisti\u010dka Organizacija \u017dabljak\",\"potentialAction\":[{\"@type\":\"SearchAction\",\"target\":{\"@type\":\"EntryPoint\",\"urlTemplate\":\"https:\\\/\\\/tozabljak.com\\\/?s={search_term_string}\"},\"query-input\":{\"@type\":\"PropertyValueSpecification\",\"valueRequired\":true,\"valueName\":\"search_term_string\"}}],\"inLanguage\":\"en-GB\"},{\"@type\":\"Organization\",\"@id\":\"https:\\\/\\\/tozabljak.com\\\/#organization\",\"name\":\"Turisti\u010dka Organizacija \u017dabljak\",\"alternateName\":\"TO \u017dabljak\",\"url\":\"https:\\\/\\\/tozabljak.com\\\/\",\"logo\":{\"@type\":\"ImageObject\",\"inLanguage\":\"en-GB\",\"@id\":\"https:\\\/\\\/tozabljak.com\\\/#\\\/schema\\\/logo\\\/image\\\/\",\"url\":\"https:\\\/\\\/i0.wp.com\\\/tozabljak.com\\\/wp-content\\\/uploads\\\/2026\\\/01\\\/logoo.png?fit=500%2C500&ssl=1\",\"contentUrl\":\"https:\\\/\\\/i0.wp.com\\\/tozabljak.com\\\/wp-content\\\/uploads\\\/2026\\\/01\\\/logoo.png?fit=500%2C500&ssl=1\",\"width\":500,\"height\":500,\"caption\":\"Turisti\u010dka Organizacija \u017dabljak\"},\"image\":{\"@id\":\"https:\\\/\\\/tozabljak.com\\\/#\\\/schema\\\/logo\\\/image\\\/\"},\"sameAs\":[\"https:\\\/\\\/www.facebook.com\\\/TOZabljak\\\/\"]}]}<\/script>\n<!-- \/ Yoast SEO plugin. -->","yoast_head_json":{"title":"Blue Lake | TO \u017dabljak","robots":{"index":"index","follow":"follow","max-snippet":"max-snippet:-1","max-image-preview":"max-image-preview:large","max-video-preview":"max-video-preview:-1"},"canonical":"https:\/\/tozabljak.com\/en\/durmitor-lakes\/blue-lake\/","og_locale":"en_GB","og_type":"article","og_title":"Modro jezero | TO \u017dabljak","og_description":"Modro jezero smje\u0161teno je u podno\u017eju durmitorskog vrha Sedlena greda, na nadmorskoj visini od 1609 metara. Njegova voda je poznata po intenzivnoj duboko plavoj boji, po kojoj je i dobilo naziv. Maksimalna dubina Modrog jezera iznosi oko 3,3 metra. Ovo planinsko jezero je stani\u0161te pastrmke, dok se na njegovim obalama \u010desto mogu vidjeti divlje patke.Continue reading \"Modro jezero\"","og_url":"https:\/\/tozabljak.com\/en\/durmitor-lakes\/blue-lake\/","og_site_name":"TO \u017dabljak","article_publisher":"https:\/\/www.facebook.com\/TOZabljak\/","article_modified_time":"2026-03-04T12:37:38+00:00","og_image":[{"width":1200,"height":675,"url":"https:\/\/tozabljak.com\/wp-content\/uploads\/2026\/01\/Modro-jezero-.webp","type":"image\/webp"}],"twitter_card":"summary_large_image","twitter_misc":{"Estimated reading time":"1 minute"},"schema":{"@context":"https:\/\/schema.org","@graph":[{"@type":"WebPage","@id":"https:\/\/tozabljak.com\/durmitorska-jezera\/modro-jezero\/","url":"https:\/\/tozabljak.com\/durmitorska-jezera\/modro-jezero\/","name":"Blue Lake | TO \u017dabljak","isPartOf":{"@id":"https:\/\/tozabljak.com\/#website"},"primaryImageOfPage":{"@id":"https:\/\/tozabljak.com\/durmitorska-jezera\/modro-jezero\/#primaryimage"},"image":{"@id":"https:\/\/tozabljak.com\/durmitorska-jezera\/modro-jezero\/#primaryimage"},"thumbnailUrl":"https:\/\/i0.wp.com\/tozabljak.com\/wp-content\/uploads\/2026\/01\/Modro-jezero-.webp?fit=1200%2C675&ssl=1","datePublished":"2026-01-10T21:46:57+00:00","dateModified":"2026-03-04T12:37:38+00:00","breadcrumb":{"@id":"https:\/\/tozabljak.com\/durmitorska-jezera\/modro-jezero\/#breadcrumb"},"inLanguage":"en-GB","potentialAction":[{"@type":"ReadAction","target":["https:\/\/tozabljak.com\/durmitorska-jezera\/modro-jezero\/"]}]},{"@type":"ImageObject","inLanguage":"en-GB","@id":"https:\/\/tozabljak.com\/durmitorska-jezera\/modro-jezero\/#primaryimage","url":"https:\/\/i0.wp.com\/tozabljak.com\/wp-content\/uploads\/2026\/01\/Modro-jezero-.webp?fit=1200%2C675&ssl=1","contentUrl":"https:\/\/i0.wp.com\/tozabljak.com\/wp-content\/uploads\/2026\/01\/Modro-jezero-.webp?fit=1200%2C675&ssl=1","width":1200,"height":675},{"@type":"BreadcrumbList","@id":"https:\/\/tozabljak.com\/durmitorska-jezera\/modro-jezero\/#breadcrumb","itemListElement":[{"@type":"ListItem","position":1,"name":"Home","item":"https:\/\/tozabljak.com\/"},{"@type":"ListItem","position":2,"name":"Durmitorska jezera","item":"https:\/\/tozabljak.com\/durmitorska-jezera\/"},{"@type":"ListItem","position":3,"name":"Modro jezero"}]},{"@type":"WebSite","@id":"https:\/\/tozabljak.com\/#website","url":"https:\/\/tozabljak.com\/","name":"Tourist Organization \u017dabljak","description":"Tourist Organization \u017dabljak","publisher":{"@id":"https:\/\/tozabljak.com\/#organization"},"alternateName":"Turisti\u010dka Organizacija \u017dabljak","potentialAction":[{"@type":"SearchAction","target":{"@type":"EntryPoint","urlTemplate":"https:\/\/tozabljak.com\/?s={search_term_string}"},"query-input":{"@type":"PropertyValueSpecification","valueRequired":true,"valueName":"search_term_string"}}],"inLanguage":"en-GB"},{"@type":"Organization","@id":"https:\/\/tozabljak.com\/#organization","name":"Tourist Organization \u017dabljak","alternateName":"TO \u017dabljak","url":"https:\/\/tozabljak.com\/","logo":{"@type":"ImageObject","inLanguage":"en-GB","@id":"https:\/\/tozabljak.com\/#\/schema\/logo\/image\/","url":"https:\/\/i0.wp.com\/tozabljak.com\/wp-content\/uploads\/2026\/01\/logoo.png?fit=500%2C500&ssl=1","contentUrl":"https:\/\/i0.wp.com\/tozabljak.com\/wp-content\/uploads\/2026\/01\/logoo.png?fit=500%2C500&ssl=1","width":500,"height":500,"caption":"Turisti\u010dka Organizacija \u017dabljak"},"image":{"@id":"https:\/\/tozabljak.com\/#\/schema\/logo\/image\/"},"sameAs":["https:\/\/www.facebook.com\/TOZabljak\/"]}]}},"jetpack_sharing_enabled":true,"jetpack_shortlink":"https:\/\/wp.me\/PgWkRi-8b","_links":{"self":[{"href":"https:\/\/tozabljak.com\/en\/wp-json\/wp\/v2\/pages\/507","targetHints":{"allow":["GET"]}}],"collection":[{"href":"https:\/\/tozabljak.com\/en\/wp-json\/wp\/v2\/pages"}],"about":[{"href":"https:\/\/tozabljak.com\/en\/wp-json\/wp\/v2\/types\/page"}],"author":[{"embeddable":true,"href":"https:\/\/tozabljak.com\/en\/wp-json\/wp\/v2\/users\/209674362"}],"replies":[{"embeddable":true,"href":"https:\/\/tozabljak.com\/en\/wp-json\/wp\/v2\/comments?post=507"}],"version-history":[{"count":2,"href":"https:\/\/tozabljak.com\/en\/wp-json\/wp\/v2\/pages\/507\/revisions"}],"predecessor-version":[{"id":885,"href":"https:\/\/tozabljak.com\/en\/wp-json\/wp\/v2\/pages\/507\/revisions\/885"}],"up":[{"embeddable":true,"href":"https:\/\/tozabljak.com\/en\/wp-json\/wp\/v2\/pages\/460"}],"wp:featuredmedia":[{"embeddable":true,"href":"https:\/\/tozabljak.com\/en\/wp-json\/wp\/v2\/media\/508"}],"wp:attachment":[{"href":"https:\/\/tozabljak.com\/en\/wp-json\/wp\/v2\/media?parent=507"}],"curies":[{"name":"wp","href":"https:\/\/api.w.org\/{rel}","templated":true}]}}